{"id":1101,"date":"2021-06-07T11:35:54","date_gmt":"2021-06-07T09:35:54","guid":{"rendered":"https:\/\/jagtvaerkstedet.dk\/privatlivspolitik-2\/"},"modified":"2022-11-23T14:22:03","modified_gmt":"2022-11-23T13:22:03","slug":"privatlivspolitik-2","status":"publish","type":"page","link":"https:\/\/jagtvaerkstedet.dk\/en\/privatlivspolitik-2\/","title":{"rendered":"Privacy Policy"},"content":{"rendered":"<div class=\"wpb-content-wrapper\"><p>[vc_row][vc_column][vc_column_text]Cookies<br \/>\nThis website uses &#8220;cookies&#8221;, which is a text file that is stored on your computer, mobile, or other device in order to recognise the user, recall preferred settings, collect statistics, and accurately target ads. Cookies cannot contain malicious code, such as a virus.[\/vc_column_text][vc_raw_html]PGEgY2xhc3M9InJlbmV3Q29va2llIiBocmVmPSJqYXZhc2NyaXB0OiUyMENvb2tpZWJvdC5yZW5ldygpIj5FZGl0IHlvdSBjb29raWUgc2V0dGluZ3M8L2E+[\/vc_raw_html][vc_empty_space][vc_column_text]<\/p>\n<h2>Personal data<\/h2>\n<p>General information<br \/>\nPersonal data comprises all types of information that can be attributed to you to some extent. N\u00e5r du benytter vores jagtvaerkstedet.dk indsamler og behandler vi en r\u00e6kke s\u00e5danne informationer. This happens, for example, when accessing content if you sign up for our newsletter or send us a contact message.<\/p>\n<p>Security<br \/>\nWe have established technical and organisational procedures to ensure that your personal data will not accidentally nor illegally be deleted, published, lost, compromised or disclosed to a third party, misused, or otherwise treated in violation of the General Data Protection Regulation (GDPR).<\/p>\n<p>Your data is located with a Danish ISO security certified web hosting company. Furthermore, we have protected the website in the following ways:<\/p>\n<ul>\n<li>Operational monitoring (skysolution will be notified if the page is down 24\/7)<\/li>\n<li>Daily backup that is saved for 30 days<\/li>\n<li>Anti-hacking software is installed on the website\/webshop and the site gets scanned weekly for malicious software<\/li>\n<li>Access to the site and data is monitored and access is denied after 5 failed attempts.<\/li>\n<li>Audit log of who\/what\/when changes made to the site<\/li>\n<li>Continuous update of the site\u2019s software to minimise hacking attacks<\/li>\n<li>SSL certificate added to the site for it to run https<\/li>\n<\/ul>\n<p>Period of storage<br \/>\nThe data will be stored for the time that is permitted by law, and will be deleted when no longer needed. The length of time depends on the nature of the data and the reason for storage. Therefore, it is not possible to provide a specific time-frame for when data will be deleted.<\/p>\n<p>Disclosure of data<br \/>\nDisclosure of personal data such as name or email address, etc., will only occur if you give your written consent to do so. We only use data processors within the EU with whom data sharing agreements have been made.<\/p>\n<p>Insight and complaints<br \/>\nYou have the right to be informed of which of your personal data we process. You also have the right to object at any time to our processing your data. You can also withdraw your consent to having your personal data processed. If the data that we have about you proves to be incorrect, you have the right to have it corrected or deleted. Henvendelse herom kan ske til: mail@jagtvaerkstedet.dk. If you want to register a complaint concerning our processing of your personal data, you also have the right to contact <a href=\"https:\/\/www.datatilsynet.dk\/\" target=\"_blank\" rel=\"noopener noreferrer\">Datatilsynet<\/a> (The Danish Data Protection Agency)..<\/p>\n<p>Publisher<br \/>\nThis website is owned and published by:<\/p>\n<p>Jagtvaerkstedet<br \/>\nSminge Moellevej 1<br \/>\n8600 Silkeborg<\/p>\n<p>Phone: +45 9155 7187<br \/>\nEmail: mail@jagtvaerkstedet.dk<br \/>\nVAT: DK40501916[\/vc_column_text][\/vc_column][\/vc_row][vc_row][vc_column][vc_column_text]<\/p>\n<p>[\/vc_column_text][\/vc_column][\/vc_row]<\/p>\n<\/div>","protected":false},"excerpt":{"rendered":"<p>[vc_row][vc_column][vc_column_text]Cookies This website uses &#8220;cookies&#8221;, which is a text file that is stored on your computer, mobile, or other device in order to recognise the user, recall preferred settings, collect&hellip;<\/p>\n","protected":false},"author":2,"featured_media":0,"parent":0,"menu_order":0,"comment_status":"closed","ping_status":"closed","template":"","meta":{"inline_featured_image":false,"footnotes":""},"class_list":["post-1101","page","type-page","status-publish","hentry"],"_links":{"self":[{"href":"https:\/\/jagtvaerkstedet.dk\/en\/wp-json\/wp\/v2\/pages\/1101","targetHints":{"allow":["GET"]}}],"collection":[{"href":"https:\/\/jagtvaerkstedet.dk\/en\/wp-json\/wp\/v2\/pages"}],"about":[{"href":"https:\/\/jagtvaerkstedet.dk\/en\/wp-json\/wp\/v2\/types\/page"}],"author":[{"embeddable":true,"href":"https:\/\/jagtvaerkstedet.dk\/en\/wp-json\/wp\/v2\/users\/2"}],"replies":[{"embeddable":true,"href":"https:\/\/jagtvaerkstedet.dk\/en\/wp-json\/wp\/v2\/comments?post=1101"}],"version-history":[{"count":10,"href":"https:\/\/jagtvaerkstedet.dk\/en\/wp-json\/wp\/v2\/pages\/1101\/revisions"}],"predecessor-version":[{"id":1145,"href":"https:\/\/jagtvaerkstedet.dk\/en\/wp-json\/wp\/v2\/pages\/1101\/revisions\/1145"}],"wp:attachment":[{"href":"https:\/\/jagtvaerkstedet.dk\/en\/wp-json\/wp\/v2\/media?parent=1101"}],"curies":[{"name":"wp","href":"https:\/\/api.w.org\/{rel}","templated":true}]}}